{"id":889,"date":"2018-08-30T13:05:30","date_gmt":"2018-08-30T16:05:30","guid":{"rendered":"https:\/\/ensvslasvarillas-cba.infd.edu.ar\/sitio\/tecnico-superior-en-redes-e-infraestructura\/"},"modified":"2018-11-28T06:32:19","modified_gmt":"2018-11-28T09:32:19","slug":"tecnico-superior-en-redes-e-infraestructura","status":"publish","type":"page","link":"https:\/\/ensvslasvarillas-cba.infd.edu.ar\/sitio\/tecnico-superior-en-redes-e-infraestructura\/","title":{"rendered":"T\u00e9cnico Superior en Redes e Infraestructura"},"content":{"rendered":"<p>&nbsp;<\/p>\n<p><span style=\"color: #00ad2e;\"><strong><u>Tecnicatura Superior en Redes e Infraestructura:<\/u><\/strong><\/span><\/p>\n<p><span style=\"color: #00ad2e;\"><strong><u>Duraci\u00f3n:<\/u><\/strong> <\/span>3 a\u00f1os.<\/p>\n<p><span style=\"color: #00ad2e;\"><strong><u>Perfil profesional:<\/u><\/strong><\/span><\/p>\n<p>El T\u00e9cnico Superior en Soporte de Infraestructura de Tecnolog\u00eda de la Informaci\u00f3n presta servicios de administraci\u00f3n y soporte de sistemas de base y elementos de infraestructura para el procesamiento de aplicaciones inform\u00e1ticas, tales como servidores y clusters, ya est\u00e9n ubicados localmente o en forma remota; dispositivos de almacenamiento masivo; otros dispositivos de hardware; sistemas operativos, m\u00e1quinas virtuales y administradores de redes ;\u00a0 servicios de comunicaciones a trav\u00e9s de redes p\u00fablicas y privadas; dispositivos de switching, firewalls; motores de bases de\u00a0 datos; subsistemas como servidores de e-mail, de impresi\u00f3n y, como parte de ello, pudiendo llevar adelante la administraci\u00f3n, reemplazo y configuraci\u00f3n de componentes discretos e intercambiables de hardware o versiones de software, incluyendo el diagn\u00f3stico y resoluci\u00f3n de incidentes, as\u00ed como la programaci\u00f3n de procesos para automatizar procedimientos repetitivos, participando en procesos de instalaci\u00f3n o migraci\u00f3n o interviniendo en asuntos de seguridad.<\/p>\n<p><span style=\"color: #00ad2e;\"><strong><u>Campo ocupacional:<\/u><\/strong><\/span><\/p>\n<p>La formaci\u00f3n de este t\u00e9cnico lo habilita para desempe\u00f1arse en empresas p\u00fablicas y privadas del \u00e1rea computaci\u00f3n, inform\u00e1tica y redes; empresas de comunicaciones y de servicios del \u00e1rea, y en general en toda empresa o instituci\u00f3n que maneje sistemas de redes de datos. Las competencias adquiridas durante su formaci\u00f3n lo capacitan, adicionalmente, para generar sus propias empresas inform\u00e1ticas en el \u00e1mbito de la consultor\u00eda o de servicios globales TIC basados en redes y conectividad.<\/p>\n<p><span style=\"color: #00ad2e;\"><strong><u>Plan de estudios:<\/u><\/strong><\/span><\/p>\n<table>\n<tbody>\n<tr>\n<td width=\"92\"><\/td>\n<td width=\"255\"><strong>Espacio Curricular<\/strong><\/td>\n<td width=\"251\"><strong>Correlativas para RENDIR(Aprobadas)<\/strong><\/td>\n<\/tr>\n<tr>\n<td rowspan=\"7\" width=\"92\"><strong>Primer<\/strong><\/p>\n<p><strong>a\u00f1o<\/strong><\/td>\n<td width=\"255\">Matem\u00e1tica.<\/td>\n<td width=\"251\"><\/td>\n<\/tr>\n<tr>\n<td width=\"255\">F\u00edsica Aplicada a la Inform\u00e1tica.<\/td>\n<td width=\"251\"><\/td>\n<\/tr>\n<tr>\n<td width=\"255\">Organizaciones.<\/td>\n<td width=\"251\"><\/td>\n<\/tr>\n<tr>\n<td width=\"255\">Arquitectura de las Computadoras.<\/td>\n<td width=\"251\"><\/td>\n<\/tr>\n<tr>\n<td width=\"255\">L\u00f3gica y Programaci\u00f3n.<\/td>\n<td width=\"251\"><\/td>\n<\/tr>\n<tr>\n<td width=\"255\">Ingl\u00e9s T\u00e9cnico.<\/td>\n<td width=\"251\"><\/td>\n<\/tr>\n<tr>\n<td width=\"255\">Lengua y Comunicaci\u00f3n.<\/td>\n<td width=\"251\"><\/td>\n<\/tr>\n<tr>\n<td rowspan=\"6\" width=\"92\"><strong>Segundo a\u00f1o<\/strong><\/td>\n<td width=\"255\">Sistemas Operativos.<\/td>\n<td width=\"251\">F\u00edsica Aplicada a la Inform\u00e1tica y Arquitectura de las Computadoras.<\/td>\n<\/tr>\n<tr>\n<td width=\"255\">Matem\u00e1tica Aplicada.<\/td>\n<td width=\"251\">Matem\u00e1tica.<\/td>\n<\/tr>\n<tr>\n<td width=\"255\">Algoritmos y Estructuras de Datos.<\/td>\n<td width=\"251\">L\u00f3gica y Programaci\u00f3n.<\/td>\n<\/tr>\n<tr>\n<td width=\"255\">Comunicaciones.<\/td>\n<td width=\"251\">F\u00edsica Aplicada a la Inform\u00e1tica y Arquitectura de las Computadoras.<\/td>\n<\/tr>\n<tr>\n<td width=\"255\">Bases de Datos.<\/td>\n<td width=\"251\">L\u00f3gica y Programaci\u00f3n.<\/td>\n<\/tr>\n<tr>\n<td width=\"255\">Pr\u00e1ctica Profesionalizante I.<\/td>\n<td width=\"251\">Organizaciones,<\/p>\n<p>Ingl\u00e9s T\u00e9cnico y Lengua y Comunicaci\u00f3n.<\/td>\n<\/tr>\n<tr>\n<td rowspan=\"6\" width=\"92\"><strong>Tercer<\/strong><\/p>\n<p><strong>a\u00f1o<\/strong><\/td>\n<td width=\"255\">Redes.<\/td>\n<td width=\"251\">Sistemas Operativos.<\/p>\n<p>Comunicaciones.<\/td>\n<\/tr>\n<tr>\n<td width=\"255\">Administraci\u00f3n Bases de Datos.<\/td>\n<td width=\"251\">Bases de Datos.<\/td>\n<\/tr>\n<tr>\n<td width=\"255\">Seguridad.<\/td>\n<td width=\"251\">Sistemas Operativos.<\/p>\n<p>Matem\u00e1tica Aplicada.<\/td>\n<\/tr>\n<tr>\n<td width=\"255\">Administraci\u00f3n de Sistemas Operativos y Redes.<\/td>\n<td width=\"251\">Sistemas Operativos.<\/p>\n<p>Algoritmos y Estructuras de Datos.<\/p>\n<p>Comunicaciones.<\/td>\n<\/tr>\n<tr>\n<td width=\"255\">\u00c9tica y Deontolog\u00eda Profesional.<\/td>\n<td width=\"251\">Lengua y Comunicaci\u00f3n.<\/p>\n<p>Pr\u00e1ctica Profesionalizante I.<\/td>\n<\/tr>\n<tr>\n<td width=\"255\">Pr\u00e1ctica Profesionalizante II.<\/td>\n<td width=\"251\">Pr\u00e1ctica Profesionalizante I.<\/td>\n<\/tr>\n<\/tbody>\n<\/table>\n<p>&nbsp;<\/p>\n","protected":false},"excerpt":{"rendered":"<p>&nbsp; Tecnicatura Superior en Redes e Infraestructura: Duraci\u00f3n: 3 a\u00f1os. Perfil profesional: El T\u00e9cnico Superior en Soporte de Infraestructura de Tecnolog\u00eda de la Informaci\u00f3n presta servicios de administraci\u00f3n y soporte de sistemas de base y elementos de infraestructura para el procesamiento de aplicaciones inform\u00e1ticas, tales como servidores y clusters, ya est\u00e9n ubicados localmente o en &#8230; <a title=\"T\u00e9cnico Superior en Redes e Infraestructura\" class=\"read-more\" href=\"https:\/\/ensvslasvarillas-cba.infd.edu.ar\/sitio\/tecnico-superior-en-redes-e-infraestructura\/\" aria-label=\"More on T\u00e9cnico Superior en Redes e Infraestructura\">[+]<\/a><\/p>\n","protected":false},"author":158,"featured_media":0,"parent":0,"menu_order":0,"comment_status":"closed","ping_status":"closed","template":"","meta":[],"acf":[],"_links":{"self":[{"href":"https:\/\/ensvslasvarillas-cba.infd.edu.ar\/sitio\/wp-json\/wp\/v2\/pages\/889"}],"collection":[{"href":"https:\/\/ensvslasvarillas-cba.infd.edu.ar\/sitio\/wp-json\/wp\/v2\/pages"}],"about":[{"href":"https:\/\/ensvslasvarillas-cba.infd.edu.ar\/sitio\/wp-json\/wp\/v2\/types\/page"}],"author":[{"embeddable":true,"href":"https:\/\/ensvslasvarillas-cba.infd.edu.ar\/sitio\/wp-json\/wp\/v2\/users\/158"}],"replies":[{"embeddable":true,"href":"https:\/\/ensvslasvarillas-cba.infd.edu.ar\/sitio\/wp-json\/wp\/v2\/comments?post=889"}],"version-history":[{"count":4,"href":"https:\/\/ensvslasvarillas-cba.infd.edu.ar\/sitio\/wp-json\/wp\/v2\/pages\/889\/revisions"}],"predecessor-version":[{"id":1026,"href":"https:\/\/ensvslasvarillas-cba.infd.edu.ar\/sitio\/wp-json\/wp\/v2\/pages\/889\/revisions\/1026"}],"wp:attachment":[{"href":"https:\/\/ensvslasvarillas-cba.infd.edu.ar\/sitio\/wp-json\/wp\/v2\/media?parent=889"}],"curies":[{"name":"wp","href":"https:\/\/api.w.org\/{rel}","templated":true}]}}