{"id":895,"date":"2018-08-30T13:05:31","date_gmt":"2018-08-30T16:05:31","guid":{"rendered":"https:\/\/ensvslasvarillas-cba.infd.edu.ar\/sitio\/ubicacion\/"},"modified":"2018-11-28T06:38:53","modified_gmt":"2018-11-28T09:38:53","slug":"ubicacion","status":"publish","type":"page","link":"https:\/\/ensvslasvarillas-cba.infd.edu.ar\/sitio\/ubicacion\/","title":{"rendered":"Ubicaci\u00f3n"},"content":{"rendered":"<p class=\"MsoNormal\" style=\"margin: 0cm 0cm 0pt;\"><span style=\"font-size: 12pt; font-family: verdana, geneva;\"><span style=\"text-decoration: underline;\"><strong style=\"mso-bidi-font-weight: normal;\">LOCALIZACI\u00d3N Y CONTEXTO<\/strong><span style=\"text-decoration: none;\">:<\/span><\/span><\/span><\/p>\n<ul>\n<li><span style=\"text-decoration: underline; color: #0c8201;\"><strong>Localidad<\/strong><\/span><span style=\"text-decoration: none;\"><span style=\"color: #0c8201;\">:<\/span> Las Varillas<\/span><\/li>\n<\/ul>\n<ul>\n<li><span style=\"text-decoration: underline; color: #0c8201;\"><strong>Departamento<\/strong><\/span><span style=\"text-decoration: none;\"><span style=\"color: #0c8201;\">:<\/span> San Justo<\/span><\/li>\n<\/ul>\n<ul>\n<li><span style=\"text-decoration: underline; font-family: verdana, geneva; color: #0c8201;\"><span style=\"font-size: 12pt;\"><strong>Provincia<\/strong><\/span><\/span><span style=\"font-family: verdana, geneva;\"><span style=\"font-size: 12pt;\"><span style=\"color: #0c8201;\">:<\/span> C\u00f3rdoba<\/span><\/span><\/li>\n<\/ul>\n<p class=\"MsoNormal\" style=\"margin: 0cm 0cm 0pt;\">\n<p class=\"MsoNormal\" style=\"margin: 0cm 0cm 0pt;\"><span style=\"font-size: 12pt; font-family: verdana, geneva;\"><span style=\"text-decoration: none;\"><strong><span style=\"color: #0c8201;\">+INFO:<\/span><\/strong> Las Varillas es una ciudad de 17.573 habitantes seg\u00fan el censo del a\u00f1o 2010, se encuentra emplazada a una distancia de 173 km de C\u00d3RDOBA Capital, estim\u00e1ndose un tiempo de viaje de 2 horas.<\/span><\/span><\/p>\n<p style=\"text-align: center;\"><iframe loading=\"lazy\" src=\"https:\/\/maps.google.es\/maps?hl=es&amp;ie=UTF8&amp;ll=-31.874086,-62.722127&amp;spn=0.004628,0.010568&amp;t=h&amp;z=17&amp;output=embed&amp;wmode=transparent\" width=\"425\" height=\"350\" frameborder=\"0\" marginwidth=\"0\" marginheight=\"0\" scrolling=\"no\"><\/iframe><br \/>\n<small>Aqu\u00ed-&gt;\u00a0<a style=\"color: #0000ff; text-align: left;\" href=\"https:\/\/maps.google.es\/maps?hl=es&amp;ie=UTF8&amp;ll=-31.874086,-62.722127&amp;spn=0.004628,0.010568&amp;t=h&amp;z=17&amp;source=embed\">Escuela Normal Superior \u00abDalmacio V\u00e9lez S\u00e1rsfield\u00bb de Las Varillas<\/a>\u00a0&#8211; Google Maps<\/small><\/p>\n","protected":false},"excerpt":{"rendered":"<p>LOCALIZACI\u00d3N Y CONTEXTO: Localidad: Las Varillas Departamento: San Justo Provincia: C\u00f3rdoba +INFO: Las Varillas es una ciudad de 17.573 habitantes seg\u00fan el censo del a\u00f1o 2010, se encuentra emplazada a una distancia de 173 km de C\u00d3RDOBA Capital, estim\u00e1ndose un tiempo de viaje de 2 horas. Aqu\u00ed-&gt;\u00a0Escuela Normal Superior \u00abDalmacio V\u00e9lez S\u00e1rsfield\u00bb de Las Varillas\u00a0&#8211; &#8230; <a title=\"Ubicaci\u00f3n\" class=\"read-more\" href=\"https:\/\/ensvslasvarillas-cba.infd.edu.ar\/sitio\/ubicacion\/\" aria-label=\"More on Ubicaci\u00f3n\">[+]<\/a><\/p>\n","protected":false},"author":158,"featured_media":0,"parent":0,"menu_order":0,"comment_status":"closed","ping_status":"closed","template":"","meta":[],"acf":[],"_links":{"self":[{"href":"https:\/\/ensvslasvarillas-cba.infd.edu.ar\/sitio\/wp-json\/wp\/v2\/pages\/895"}],"collection":[{"href":"https:\/\/ensvslasvarillas-cba.infd.edu.ar\/sitio\/wp-json\/wp\/v2\/pages"}],"about":[{"href":"https:\/\/ensvslasvarillas-cba.infd.edu.ar\/sitio\/wp-json\/wp\/v2\/types\/page"}],"author":[{"embeddable":true,"href":"https:\/\/ensvslasvarillas-cba.infd.edu.ar\/sitio\/wp-json\/wp\/v2\/users\/158"}],"replies":[{"embeddable":true,"href":"https:\/\/ensvslasvarillas-cba.infd.edu.ar\/sitio\/wp-json\/wp\/v2\/comments?post=895"}],"version-history":[{"count":2,"href":"https:\/\/ensvslasvarillas-cba.infd.edu.ar\/sitio\/wp-json\/wp\/v2\/pages\/895\/revisions"}],"predecessor-version":[{"id":1083,"href":"https:\/\/ensvslasvarillas-cba.infd.edu.ar\/sitio\/wp-json\/wp\/v2\/pages\/895\/revisions\/1083"}],"wp:attachment":[{"href":"https:\/\/ensvslasvarillas-cba.infd.edu.ar\/sitio\/wp-json\/wp\/v2\/media?parent=895"}],"curies":[{"name":"wp","href":"https:\/\/api.w.org\/{rel}","templated":true}]}}